{"id":4,"date":"2021-05-07T19:20:04","date_gmt":"2021-05-07T19:20:04","guid":{"rendered":"https:\/\/podcasters-copyright.appspot.com\/de-de\/?page_id=4"},"modified":"2021-11-08T13:57:48","modified_gmt":"2021-11-08T13:57:48","slug":"home","status":"publish","type":"page","link":"https:\/\/podcasters-copyright.appspot.com\/de-de\/","title":{"rendered":"Ressourcen-Center zum Urheberrecht"},"content":{"rendered":"<h4>Geistiges Eigentum. Sicher, es ist kompliziert. Du hast dein Herzblut in das Erstellen toller Audioinhalte gesteckt. Spotify will dir helfen, m\u00f6gliche T\u00fccken zu erkennen und zu meiden.<\/h4>\n<p>Die Urheberrechtsgesetzgebung befindet sich weltweit in einem st\u00e4ndigen Wandel. Aber es ist wichtig, dass du dich damit besch\u00e4ftigst\u00a0\u2013 schlie\u00dflich sollten alle Urheber*innen die Kontrolle dar\u00fcber behalten, wie ihre Werke genutzt werden, und eine angemessene Verg\u00fctung daf\u00fcr erhalten. Da Podcasts immer beliebter werden, achten Dritte verst\u00e4rkt auf die Inhalte in deinen Shows. Meistens suchen sie nach professioneller Musik oder anderen professionellen Tonaufnahmen. In einigen F\u00e4llen nutzen sie automatisierte Tools, um Abschnitte zu finden, in denen ihr geistiges Eigentum in deiner Show enthalten sein k\u00f6nnte. Das ist nichts Neues. Eigent\u00fcmer*innen von Tonaufnahmen machen das schon seit Jahren. Spotify m\u00f6chte dir helfen, dich auf diese versch\u00e4rfte \u00dcberpr\u00fcfung von Podcasts vorzubereiten, damit deine Shows nicht in die Urheber\u00adrechts\u00adverletzungs\u00adfalle tappen und deine Inhalte entfernt werden.<\/p>\n<p>Wenn du Musik verwenden m\u00f6chtest, haben wir ein praktisches Tool f\u00fcr dich: einen Katalog mit lizenzfreier Musik von Anchor, unserer <a href=\"https:\/\/help.anchor.fm\/hc\/en-us\/articles\/360025233131-Adding-Background-Music-to-your-audio-segments\" target=\"_blank\" rel=\"noopener\">Smart Background Music<\/a>. Du kannst auch selbst etwas daf\u00fcr tun, dass deine Inhalte gesch\u00fctzt sind. Diese Seite liefert unseren Podcaster*innen hilfreiche Ressourcen zu Urheberrechtsverletzungen und geistigem Eigentum.<\/p>\n<p>Hast du einen Podcast mit Inhalten auf Spotify erstellt? Wir erkl\u00e4ren dir ganz genau, was das Urheberrecht f\u00fcr dich bedeutet. Lies weiter und erfahre, wie du sicherstellst, dass deine Inhalte gesch\u00fctzt und rechtskonform sind.<\/p>\n<p>Spotify will Creator*innen unterst\u00fctzen und eine faire und gerechte Audioumgebung f\u00fcr alle erm\u00f6glichen. In diesem Fall hei\u00dft das, dass wir dir als Creator*in helfen wollen, dieses sich stets ver\u00e4ndernde Themengebiet zu verstehen.<\/p>\n<p>Ja, es mag ein wenig kompliziert erscheinen. Aber wir helfen dir dabei.<\/p>\n","protected":false},"excerpt":{"rendered":"<p>Geistiges Eigentum. Sicher, es ist kompliziert. Du hast dein Herzblut in das Erstellen toller Audioinhalte gesteckt. Spotify will dir helfen, m\u00f6gliche T\u00fccken zu erkennen und zu meiden. Die Urheberrechtsgesetzgebung befindet sich weltweit in einem st\u00e4ndigen Wandel. Aber es ist wichtig, dass du dich damit besch\u00e4ftigst\u00a0\u2013 schlie\u00dflich sollten alle Urheber*innen die Kontrolle dar\u00fcber behalten, wie ihre<a class=\"excerpt-read-more\" href=\"https:\/\/podcasters-copyright.appspot.com\/de-de\/\" title=\"ReadRessourcen-Center zum Urheberrecht\">&#8230; Read more &raquo;<\/a><\/p>\n","protected":false},"author":1,"featured_media":0,"parent":0,"menu_order":0,"comment_status":"closed","ping_status":"open","template":"template-home.php","meta":[],"yoast_head":"<!-- This site is optimized with the Yoast SEO plugin v16.7 - https:\/\/yoast.com\/wordpress\/plugins\/seo\/ -->\n<title>Ressourcen-Center zum Urheberrecht - Spotify for Podcasters<\/title>\n<meta name=\"robots\" content=\"index, follow, max-snippet:-1, max-image-preview:large, max-video-preview:-1\" \/>\n<link rel=\"canonical\" href=\"https:\/\/podcasters-copyright.appspot.com\/de-de\/\" \/>\n<meta property=\"og:locale\" content=\"de_DE\" \/>\n<meta property=\"og:type\" content=\"article\" \/>\n<meta property=\"og:title\" content=\"Ressourcen-Center zum Urheberrecht - Spotify for Podcasters\" \/>\n<meta property=\"og:description\" content=\"Geistiges Eigentum. Sicher, es ist kompliziert. Du hast dein Herzblut in das Erstellen toller Audioinhalte gesteckt. Spotify will dir helfen, m\u00f6gliche T\u00fccken zu erkennen und zu meiden. Die Urheberrechtsgesetzgebung befindet sich weltweit in einem st\u00e4ndigen Wandel. Aber es ist wichtig, dass du dich damit besch\u00e4ftigst\u00a0\u2013 schlie\u00dflich sollten alle Urheber*innen die Kontrolle dar\u00fcber behalten, wie ihre... Read more &raquo;\" \/>\n<meta property=\"og:url\" content=\"https:\/\/podcasters-copyright.appspot.com\/de-de\/\" \/>\n<meta property=\"og:site_name\" content=\"Copyright German\" \/>\n<meta property=\"article:modified_time\" content=\"2021-11-08T13:57:48+00:00\" \/>\n<meta name=\"twitter:card\" content=\"summary_large_image\" \/>\n<meta name=\"twitter:label1\" content=\"Est. reading time\" \/>\n\t<meta name=\"twitter:data1\" content=\"2 minutes\" \/>\n<script type=\"application\/ld+json\" class=\"yoast-schema-graph\">{\"@context\":\"https:\/\/schema.org\",\"@graph\":[{\"@type\":\"WebSite\",\"@id\":\"https:\/\/podcasters-copyright.appspot.com\/de-de\/#website\",\"url\":\"https:\/\/podcasters-copyright.appspot.com\/de-de\/\",\"name\":\"Copyright German\",\"description\":\"Just another spotify-podcasters Sites site\",\"potentialAction\":[{\"@type\":\"SearchAction\",\"target\":{\"@type\":\"EntryPoint\",\"urlTemplate\":\"https:\/\/podcasters-copyright.appspot.com\/de-de\/?s={search_term_string}\"},\"query-input\":\"required name=search_term_string\"}],\"inLanguage\":\"de-DE\"},{\"@type\":\"WebPage\",\"@id\":\"https:\/\/podcasters-copyright.appspot.com\/de-de\/#webpage\",\"url\":\"https:\/\/podcasters-copyright.appspot.com\/de-de\/\",\"name\":\"Ressourcen-Center zum Urheberrecht - Spotify for Podcasters\",\"isPartOf\":{\"@id\":\"https:\/\/podcasters-copyright.appspot.com\/de-de\/#website\"},\"datePublished\":\"2021-05-07T19:20:04+00:00\",\"dateModified\":\"2021-11-08T13:57:48+00:00\",\"breadcrumb\":{\"@id\":\"https:\/\/podcasters-copyright.appspot.com\/de-de\/#breadcrumb\"},\"inLanguage\":\"de-DE\",\"potentialAction\":[{\"@type\":\"ReadAction\",\"target\":[\"https:\/\/podcasters-copyright.appspot.com\/de-de\/\"]}]},{\"@type\":\"BreadcrumbList\",\"@id\":\"https:\/\/podcasters-copyright.appspot.com\/de-de\/#breadcrumb\",\"itemListElement\":[{\"@type\":\"ListItem\",\"position\":1,\"name\":\"Home\",\"item\":\"https:\/\/podcasters-copyright.appspot.com\/de-de\/\"},{\"@type\":\"ListItem\",\"position\":2,\"name\":\"Ressourcen-Center zum Urheberrecht\"}]}]}<\/script>\n<!-- \/ Yoast SEO plugin. -->","yoast_head_json":{"title":"Ressourcen-Center zum Urheberrecht - Spotify for Podcasters","robots":{"index":"index","follow":"follow","max-snippet":"max-snippet:-1","max-image-preview":"max-image-preview:large","max-video-preview":"max-video-preview:-1"},"canonical":"https:\/\/podcasters-copyright.appspot.com\/de-de\/","og_locale":"de_DE","og_type":"article","og_title":"Ressourcen-Center zum Urheberrecht - Spotify for Podcasters","og_description":"Geistiges Eigentum. Sicher, es ist kompliziert. Du hast dein Herzblut in das Erstellen toller Audioinhalte gesteckt. Spotify will dir helfen, m\u00f6gliche T\u00fccken zu erkennen und zu meiden. Die Urheberrechtsgesetzgebung befindet sich weltweit in einem st\u00e4ndigen Wandel. Aber es ist wichtig, dass du dich damit besch\u00e4ftigst\u00a0\u2013 schlie\u00dflich sollten alle Urheber*innen die Kontrolle dar\u00fcber behalten, wie ihre... Read more &raquo;","og_url":"https:\/\/podcasters-copyright.appspot.com\/de-de\/","og_site_name":"Copyright German","article_modified_time":"2021-11-08T13:57:48+00:00","twitter_card":"summary_large_image","twitter_misc":{"Est. reading time":"2 minutes"},"schema":{"@context":"https:\/\/schema.org","@graph":[{"@type":"WebSite","@id":"https:\/\/podcasters-copyright.appspot.com\/de-de\/#website","url":"https:\/\/podcasters-copyright.appspot.com\/de-de\/","name":"Copyright German","description":"Just another spotify-podcasters Sites site","potentialAction":[{"@type":"SearchAction","target":{"@type":"EntryPoint","urlTemplate":"https:\/\/podcasters-copyright.appspot.com\/de-de\/?s={search_term_string}"},"query-input":"required name=search_term_string"}],"inLanguage":"de-DE"},{"@type":"WebPage","@id":"https:\/\/podcasters-copyright.appspot.com\/de-de\/#webpage","url":"https:\/\/podcasters-copyright.appspot.com\/de-de\/","name":"Ressourcen-Center zum Urheberrecht - Spotify for Podcasters","isPartOf":{"@id":"https:\/\/podcasters-copyright.appspot.com\/de-de\/#website"},"datePublished":"2021-05-07T19:20:04+00:00","dateModified":"2021-11-08T13:57:48+00:00","breadcrumb":{"@id":"https:\/\/podcasters-copyright.appspot.com\/de-de\/#breadcrumb"},"inLanguage":"de-DE","potentialAction":[{"@type":"ReadAction","target":["https:\/\/podcasters-copyright.appspot.com\/de-de\/"]}]},{"@type":"BreadcrumbList","@id":"https:\/\/podcasters-copyright.appspot.com\/de-de\/#breadcrumb","itemListElement":[{"@type":"ListItem","position":1,"name":"Home","item":"https:\/\/podcasters-copyright.appspot.com\/de-de\/"},{"@type":"ListItem","position":2,"name":"Ressourcen-Center zum Urheberrecht"}]}]}},"_links":{"self":[{"href":"https:\/\/podcasters-copyright.appspot.com\/de-de\/wp-json\/wp\/v2\/pages\/4"}],"collection":[{"href":"https:\/\/podcasters-copyright.appspot.com\/de-de\/wp-json\/wp\/v2\/pages"}],"about":[{"href":"https:\/\/podcasters-copyright.appspot.com\/de-de\/wp-json\/wp\/v2\/types\/page"}],"author":[{"embeddable":true,"href":"https:\/\/podcasters-copyright.appspot.com\/de-de\/wp-json\/wp\/v2\/users\/1"}],"replies":[{"embeddable":true,"href":"https:\/\/podcasters-copyright.appspot.com\/de-de\/wp-json\/wp\/v2\/comments?post=4"}],"version-history":[{"count":2,"href":"https:\/\/podcasters-copyright.appspot.com\/de-de\/wp-json\/wp\/v2\/pages\/4\/revisions"}],"predecessor-version":[{"id":16,"href":"https:\/\/podcasters-copyright.appspot.com\/de-de\/wp-json\/wp\/v2\/pages\/4\/revisions\/16"}],"wp:attachment":[{"href":"https:\/\/podcasters-copyright.appspot.com\/de-de\/wp-json\/wp\/v2\/media?parent=4"}],"curies":[{"name":"wp","href":"https:\/\/api.w.org\/{rel}","templated":true}]}}