{"id":4,"date":"2021-05-07T19:20:04","date_gmt":"2021-05-07T19:20:04","guid":{"rendered":"https:\/\/podcasters-copyright.appspot.com\/es-la\/?page_id=4"},"modified":"2021-11-08T13:49:04","modified_gmt":"2021-11-08T13:49:04","slug":"home","status":"publish","type":"page","link":"https:\/\/podcasters-copyright.appspot.com\/es-la\/","title":{"rendered":"Centro de recursos de derechos de autor"},"content":{"rendered":"<h4>Propiedad intelectual. Lo entendemos: es complicado. Pones tu coraz\u00f3n y alma en la creaci\u00f3n de un excelente contenido de audio, y Spotify quiere ayudarte a detectar y evitar algunas dificultades comunes.<\/h4>\n<p>La legislaci\u00f3n sobre derechos de autor es un panorama en constante cambio a escala mundial. Pero comprender los derechos de autor del contenido es importante para garantizar que todos los creadores mantengan el control sobre c\u00f3mo se usan sus obras y reciban una compensaci\u00f3n justa por ellas. A medida que los podcasts se vuelven m\u00e1s populares, hay m\u00e1s terceros que prestan atenci\u00f3n a lo que hay en tus programas. La mayor\u00eda de las veces, es posible que busquen m\u00fasica profesional u otras grabaciones de sonido profesionales y, en ocasiones, es posible que usen herramientas automatizadas para encontrar casos en los que creen que su propiedad intelectual (PI) est\u00e1 incluida en tu programa. Esto no es nada nuevo: es algo que las personas que poseen grabaciones de sonido han hecho durante a\u00f1os. Spotify quiere ayudarte a que te prepares para este mayor escrutinio de podcasts y te asegures de que tus programas no infrinjan los derechos de autor, ya que esto podr\u00eda llevar a que se elimine tu contenido.<\/p>\n<p>Una herramienta f\u00e1cil de usar, si incluyes m\u00fasica, es el cat\u00e1logo previamente autorizado de Anchor de m\u00fasica libre de derechos llamado <a href=\"https:\/\/help.anchor.fm\/hc\/en-us\/articles\/360025233131-Adding-Background-Music-to-your-audio-segments\" target=\"_blank\" rel=\"noopener\">M\u00fasica de fondo inteligente<\/a>. Tambi\u00e9n hay pasos que puedes seguir para asegurarte de que tu contenido est\u00e9 protegido. El objetivo de esta p\u00e1gina es proporcionar a nuestros creadores de podcasts recursos educativos sobre violaciones de derechos de autor y PI.<\/p>\n<p>\u00bfEres creador de podcasts con contenido en Spotify? Vamos a desglosar todo para ayudarte a entender el impacto de la ley de derechos de autor. Sigue leyendo para saber c\u00f3mo puedes asegurarte de que tu contenido est\u00e9 protegido y cumpla con las normativas correspondientes.<\/p>\n<p>Spotify se compromete a apoyar a los creadores y garantizar un entorno de audio justo y equitativo para todos. En este caso, eso significa ayudarte, como creador, a entender este panorama en constante evoluci\u00f3n.<\/p>\n<p>Entonces s\u00ed, esto puede parecer un poco complicado. Pero estamos aqu\u00ed para ayudarte.<\/p>\n","protected":false},"excerpt":{"rendered":"<p>Propiedad intelectual. Lo entendemos: es complicado. Pones tu coraz\u00f3n y alma en la creaci\u00f3n de un excelente contenido de audio, y Spotify quiere ayudarte a detectar y evitar algunas dificultades comunes. La legislaci\u00f3n sobre derechos de autor es un panorama en constante cambio a escala mundial. Pero comprender los derechos de autor del contenido es<a class=\"excerpt-read-more\" href=\"https:\/\/podcasters-copyright.appspot.com\/es-la\/\" title=\"ReadCentro de recursos de derechos de autor\">&#8230; Read more &raquo;<\/a><\/p>\n","protected":false},"author":1,"featured_media":0,"parent":0,"menu_order":0,"comment_status":"closed","ping_status":"open","template":"template-home.php","meta":[],"yoast_head":"<!-- This site is optimized with the Yoast SEO plugin v16.7 - https:\/\/yoast.com\/wordpress\/plugins\/seo\/ -->\n<title>Centro de recursos de derechos de autor - Spotify for Podcasters<\/title>\n<meta name=\"robots\" content=\"index, follow, max-snippet:-1, max-image-preview:large, max-video-preview:-1\" \/>\n<link rel=\"canonical\" href=\"https:\/\/podcasters-copyright.appspot.com\/es-la\/\" \/>\n<meta property=\"og:locale\" content=\"es_LA\" \/>\n<meta property=\"og:type\" content=\"article\" \/>\n<meta property=\"og:title\" content=\"Centro de recursos de derechos de autor - Spotify for Podcasters\" \/>\n<meta property=\"og:description\" content=\"Propiedad intelectual. Lo entendemos: es complicado. Pones tu coraz\u00f3n y alma en la creaci\u00f3n de un excelente contenido de audio, y Spotify quiere ayudarte a detectar y evitar algunas dificultades comunes. La legislaci\u00f3n sobre derechos de autor es un panorama en constante cambio a escala mundial. Pero comprender los derechos de autor del contenido es... Read more &raquo;\" \/>\n<meta property=\"og:url\" content=\"https:\/\/podcasters-copyright.appspot.com\/es-la\/\" \/>\n<meta property=\"og:site_name\" content=\"Copyright Spanish\" \/>\n<meta property=\"article:modified_time\" content=\"2021-11-08T13:49:04+00:00\" \/>\n<meta name=\"twitter:card\" content=\"summary_large_image\" \/>\n<meta name=\"twitter:label1\" content=\"Est. reading time\" \/>\n\t<meta name=\"twitter:data1\" content=\"2 minutes\" \/>\n<script type=\"application\/ld+json\" class=\"yoast-schema-graph\">{\"@context\":\"https:\/\/schema.org\",\"@graph\":[{\"@type\":\"WebSite\",\"@id\":\"https:\/\/podcasters-copyright.appspot.com\/es-la\/#website\",\"url\":\"https:\/\/podcasters-copyright.appspot.com\/es-la\/\",\"name\":\"Copyright Spanish\",\"description\":\"Just another spotify-podcasters Sites site\",\"potentialAction\":[{\"@type\":\"SearchAction\",\"target\":{\"@type\":\"EntryPoint\",\"urlTemplate\":\"https:\/\/podcasters-copyright.appspot.com\/es-la\/?s={search_term_string}\"},\"query-input\":\"required name=search_term_string\"}],\"inLanguage\":\"es-LA\"},{\"@type\":\"WebPage\",\"@id\":\"https:\/\/podcasters-copyright.appspot.com\/es-la\/#webpage\",\"url\":\"https:\/\/podcasters-copyright.appspot.com\/es-la\/\",\"name\":\"Centro de recursos de derechos de autor - Spotify for Podcasters\",\"isPartOf\":{\"@id\":\"https:\/\/podcasters-copyright.appspot.com\/es-la\/#website\"},\"datePublished\":\"2021-05-07T19:20:04+00:00\",\"dateModified\":\"2021-11-08T13:49:04+00:00\",\"breadcrumb\":{\"@id\":\"https:\/\/podcasters-copyright.appspot.com\/es-la\/#breadcrumb\"},\"inLanguage\":\"es-LA\",\"potentialAction\":[{\"@type\":\"ReadAction\",\"target\":[\"https:\/\/podcasters-copyright.appspot.com\/es-la\/\"]}]},{\"@type\":\"BreadcrumbList\",\"@id\":\"https:\/\/podcasters-copyright.appspot.com\/es-la\/#breadcrumb\",\"itemListElement\":[{\"@type\":\"ListItem\",\"position\":1,\"name\":\"Home\",\"item\":\"https:\/\/podcasters-copyright.appspot.com\/es-la\/\"},{\"@type\":\"ListItem\",\"position\":2,\"name\":\"Centro de recursos de derechos de autor\"}]}]}<\/script>\n<!-- \/ Yoast SEO plugin. -->","yoast_head_json":{"title":"Centro de recursos de derechos de autor - Spotify for Podcasters","robots":{"index":"index","follow":"follow","max-snippet":"max-snippet:-1","max-image-preview":"max-image-preview:large","max-video-preview":"max-video-preview:-1"},"canonical":"https:\/\/podcasters-copyright.appspot.com\/es-la\/","og_locale":"es_LA","og_type":"article","og_title":"Centro de recursos de derechos de autor - Spotify for Podcasters","og_description":"Propiedad intelectual. Lo entendemos: es complicado. Pones tu coraz\u00f3n y alma en la creaci\u00f3n de un excelente contenido de audio, y Spotify quiere ayudarte a detectar y evitar algunas dificultades comunes. La legislaci\u00f3n sobre derechos de autor es un panorama en constante cambio a escala mundial. Pero comprender los derechos de autor del contenido es... Read more &raquo;","og_url":"https:\/\/podcasters-copyright.appspot.com\/es-la\/","og_site_name":"Copyright Spanish","article_modified_time":"2021-11-08T13:49:04+00:00","twitter_card":"summary_large_image","twitter_misc":{"Est. reading time":"2 minutes"},"schema":{"@context":"https:\/\/schema.org","@graph":[{"@type":"WebSite","@id":"https:\/\/podcasters-copyright.appspot.com\/es-la\/#website","url":"https:\/\/podcasters-copyright.appspot.com\/es-la\/","name":"Copyright Spanish","description":"Just another spotify-podcasters Sites site","potentialAction":[{"@type":"SearchAction","target":{"@type":"EntryPoint","urlTemplate":"https:\/\/podcasters-copyright.appspot.com\/es-la\/?s={search_term_string}"},"query-input":"required name=search_term_string"}],"inLanguage":"es-LA"},{"@type":"WebPage","@id":"https:\/\/podcasters-copyright.appspot.com\/es-la\/#webpage","url":"https:\/\/podcasters-copyright.appspot.com\/es-la\/","name":"Centro de recursos de derechos de autor - Spotify for Podcasters","isPartOf":{"@id":"https:\/\/podcasters-copyright.appspot.com\/es-la\/#website"},"datePublished":"2021-05-07T19:20:04+00:00","dateModified":"2021-11-08T13:49:04+00:00","breadcrumb":{"@id":"https:\/\/podcasters-copyright.appspot.com\/es-la\/#breadcrumb"},"inLanguage":"es-LA","potentialAction":[{"@type":"ReadAction","target":["https:\/\/podcasters-copyright.appspot.com\/es-la\/"]}]},{"@type":"BreadcrumbList","@id":"https:\/\/podcasters-copyright.appspot.com\/es-la\/#breadcrumb","itemListElement":[{"@type":"ListItem","position":1,"name":"Home","item":"https:\/\/podcasters-copyright.appspot.com\/es-la\/"},{"@type":"ListItem","position":2,"name":"Centro de recursos de derechos de autor"}]}]}},"_links":{"self":[{"href":"https:\/\/podcasters-copyright.appspot.com\/es-la\/wp-json\/wp\/v2\/pages\/4"}],"collection":[{"href":"https:\/\/podcasters-copyright.appspot.com\/es-la\/wp-json\/wp\/v2\/pages"}],"about":[{"href":"https:\/\/podcasters-copyright.appspot.com\/es-la\/wp-json\/wp\/v2\/types\/page"}],"author":[{"embeddable":true,"href":"https:\/\/podcasters-copyright.appspot.com\/es-la\/wp-json\/wp\/v2\/users\/1"}],"replies":[{"embeddable":true,"href":"https:\/\/podcasters-copyright.appspot.com\/es-la\/wp-json\/wp\/v2\/comments?post=4"}],"version-history":[{"count":2,"href":"https:\/\/podcasters-copyright.appspot.com\/es-la\/wp-json\/wp\/v2\/pages\/4\/revisions"}],"predecessor-version":[{"id":16,"href":"https:\/\/podcasters-copyright.appspot.com\/es-la\/wp-json\/wp\/v2\/pages\/4\/revisions\/16"}],"wp:attachment":[{"href":"https:\/\/podcasters-copyright.appspot.com\/es-la\/wp-json\/wp\/v2\/media?parent=4"}],"curies":[{"name":"wp","href":"https:\/\/api.w.org\/{rel}","templated":true}]}}