{"id":4,"date":"2021-05-07T19:20:04","date_gmt":"2021-05-07T19:20:04","guid":{"rendered":"https:\/\/podcasters-copyright.appspot.com\/fr-fr\/?page_id=4"},"modified":"2021-11-08T13:59:35","modified_gmt":"2021-11-08T13:59:35","slug":"home","status":"publish","type":"page","link":"https:\/\/podcasters-copyright.appspot.com\/fr-fr\/","title":{"rendered":"Plateforme de ressources sur le droit d&#8217;auteur"},"content":{"rendered":"<h4>La propri\u00e9t\u00e9 intellectuelle, c&#8217;est compliqu\u00e9. Nous en sommes conscients. Vous vous donnez corps et \u00e2me pour cr\u00e9er du contenu audio de qualit\u00e9, et Spotify souhaite vous aider \u00e0 identifier certains pi\u00e8ges courants et \u00e0 les \u00e9viter.<\/h4>\n<p>La l\u00e9gislation sur le droit d&#8217;auteur \u00e9volue sans cesse \u00e0 travers le monde. Il est important de comprendre le droit d&#8217;auteur applicable au contenu pour s&#8217;assurer que tous les cr\u00e9ateurs restent ma\u00eetres de l&#8217;utilisation de leurs \u0153uvres et sont r\u00e9mun\u00e9r\u00e9s \u00e9quitablement pour leur travail. La cr\u00e9ation de podcasts gagne en popularit\u00e9. De plus en plus de tiers sont attentifs au contenu de vos \u00e9missions. La plupart du temps, ils peuvent rechercher de la musique professionnelle ou d&#8217;autres enregistrements sonores professionnels et, dans certains cas, ils peuvent avoir recours \u00e0 des outils automatis\u00e9s pour identifier les cas o\u00f9 ils estiment que leur propri\u00e9t\u00e9 intellectuelle est incluse dans votre \u00e9mission. Il n&#8217;y a rien de nouveau\u00a0: les personnes qui d\u00e9tiennent les droits sur des enregistrements sonores proc\u00e8dent ainsi depuis des ann\u00e9es. Spotify veut vous aider \u00e0 vous pr\u00e9parer \u00e0 ces contr\u00f4les de plus en plus fr\u00e9quents des podcasts et \u00e0 vous assurer que vos \u00e9missions \u00e9vitent tout probl\u00e8me de violation du droit d&#8217;auteur, ce qui pourrait entra\u00eener le retrait de votre contenu.<\/p>\n<p>Si vous int\u00e9grez de la musique, vous pouvez utiliser un outil facile d&#8217;emploi\u00a0: le catalogue pr\u00e9-approuv\u00e9 de titres libres de droits d&#8217;Anchor appel\u00e9 <a href=\"https:\/\/help.anchor.fm\/hc\/en-us\/articles\/360025233131-Adding-Background-Music-to-your-audio-segments\" target=\"_blank\" rel=\"noopener\">Smart\u00a0Background\u00a0Music<\/a> (Musique de fond intelligente). Vous pouvez \u00e9galement prendre les mesures n\u00e9cessaires pour vous assurer que votre contenu est prot\u00e9g\u00e9. Cette page a pour objectif de fournir \u00e0 nos cr\u00e9ateurs de podcasts des outils p\u00e9dagogiques sur la violation du droit d&#8217;auteur et la propri\u00e9t\u00e9 intellectuelle.<\/p>\n<p>Vous \u00eates un cr\u00e9ateur de podcast et votre contenu est disponible sur Spotify\u00a0? Nous allons regarder tout cela point par point avec vous afin de vous aider \u00e0 comprendre l&#8217;impact de la l\u00e9gislation sur le droit d&#8217;auteur. Poursuivez votre lecture pour d\u00e9couvrir comment vous assurer que votre contenu est prot\u00e9g\u00e9 et conforme.<\/p>\n<p>Spotify s&#8217;engage \u00e0 soutenir les cr\u00e9ateurs et \u00e0 garantir un environnement sonore juste et \u00e9quitable pour tous. Dans ce cas pr\u00e9cis, cela signifie que nous vous aidons, en tant que cr\u00e9ateur, \u00e0 comprendre cet univers en constante \u00e9volution.<\/p>\n<p>Alors oui, cela peut sembler un peu compliqu\u00e9, mais nous sommes \u00e0 votre \u00e9coute.<\/p>\n","protected":false},"excerpt":{"rendered":"<p>La propri\u00e9t\u00e9 intellectuelle, c&#8217;est compliqu\u00e9. Nous en sommes conscients. Vous vous donnez corps et \u00e2me pour cr\u00e9er du contenu audio de qualit\u00e9, et Spotify souhaite vous aider \u00e0 identifier certains pi\u00e8ges courants et \u00e0 les \u00e9viter. La l\u00e9gislation sur le droit d&#8217;auteur \u00e9volue sans cesse \u00e0 travers le monde. Il est important de comprendre le<a class=\"excerpt-read-more\" href=\"https:\/\/podcasters-copyright.appspot.com\/fr-fr\/\" title=\"ReadPlateforme de ressources sur le droit d&#8217;auteur\">&#8230; Read more &raquo;<\/a><\/p>\n","protected":false},"author":1,"featured_media":0,"parent":0,"menu_order":0,"comment_status":"closed","ping_status":"open","template":"template-home.php","meta":[],"yoast_head":"<!-- This site is optimized with the Yoast SEO plugin v16.7 - https:\/\/yoast.com\/wordpress\/plugins\/seo\/ -->\n<title>Plateforme de ressources sur le droit d&#039;auteur - Spotify for Podcasters<\/title>\n<meta name=\"robots\" content=\"index, follow, max-snippet:-1, max-image-preview:large, max-video-preview:-1\" \/>\n<link rel=\"canonical\" href=\"https:\/\/podcasters-copyright.appspot.com\/fr-fr\/\" \/>\n<meta property=\"og:locale\" content=\"fr_FR\" \/>\n<meta property=\"og:type\" content=\"article\" \/>\n<meta property=\"og:title\" content=\"Plateforme de ressources sur le droit d&#039;auteur - Spotify for Podcasters\" \/>\n<meta property=\"og:description\" content=\"La propri\u00e9t\u00e9 intellectuelle, c&#8217;est compliqu\u00e9. Nous en sommes conscients. Vous vous donnez corps et \u00e2me pour cr\u00e9er du contenu audio de qualit\u00e9, et Spotify souhaite vous aider \u00e0 identifier certains pi\u00e8ges courants et \u00e0 les \u00e9viter. La l\u00e9gislation sur le droit d&#8217;auteur \u00e9volue sans cesse \u00e0 travers le monde. Il est important de comprendre le... Read more &raquo;\" \/>\n<meta property=\"og:url\" content=\"https:\/\/podcasters-copyright.appspot.com\/fr-fr\/\" \/>\n<meta property=\"og:site_name\" content=\"Copyright French\" \/>\n<meta property=\"article:modified_time\" content=\"2021-11-08T13:59:35+00:00\" \/>\n<meta name=\"twitter:card\" content=\"summary_large_image\" \/>\n<meta name=\"twitter:label1\" content=\"Est. reading time\" \/>\n\t<meta name=\"twitter:data1\" content=\"2 minutes\" \/>\n<script type=\"application\/ld+json\" class=\"yoast-schema-graph\">{\"@context\":\"https:\/\/schema.org\",\"@graph\":[{\"@type\":\"WebSite\",\"@id\":\"https:\/\/podcasters-copyright.appspot.com\/fr-fr\/#website\",\"url\":\"https:\/\/podcasters-copyright.appspot.com\/fr-fr\/\",\"name\":\"Copyright French\",\"description\":\"Just another spotify-podcasters Sites site\",\"potentialAction\":[{\"@type\":\"SearchAction\",\"target\":{\"@type\":\"EntryPoint\",\"urlTemplate\":\"https:\/\/podcasters-copyright.appspot.com\/fr-fr\/?s={search_term_string}\"},\"query-input\":\"required name=search_term_string\"}],\"inLanguage\":\"fr-FR\"},{\"@type\":\"WebPage\",\"@id\":\"https:\/\/podcasters-copyright.appspot.com\/fr-fr\/#webpage\",\"url\":\"https:\/\/podcasters-copyright.appspot.com\/fr-fr\/\",\"name\":\"Plateforme de ressources sur le droit d'auteur - Spotify for Podcasters\",\"isPartOf\":{\"@id\":\"https:\/\/podcasters-copyright.appspot.com\/fr-fr\/#website\"},\"datePublished\":\"2021-05-07T19:20:04+00:00\",\"dateModified\":\"2021-11-08T13:59:35+00:00\",\"breadcrumb\":{\"@id\":\"https:\/\/podcasters-copyright.appspot.com\/fr-fr\/#breadcrumb\"},\"inLanguage\":\"fr-FR\",\"potentialAction\":[{\"@type\":\"ReadAction\",\"target\":[\"https:\/\/podcasters-copyright.appspot.com\/fr-fr\/\"]}]},{\"@type\":\"BreadcrumbList\",\"@id\":\"https:\/\/podcasters-copyright.appspot.com\/fr-fr\/#breadcrumb\",\"itemListElement\":[{\"@type\":\"ListItem\",\"position\":1,\"name\":\"Home\",\"item\":\"https:\/\/podcasters-copyright.appspot.com\/fr-fr\/\"},{\"@type\":\"ListItem\",\"position\":2,\"name\":\"Plateforme de ressources sur le droit d&#8217;auteur\"}]}]}<\/script>\n<!-- \/ Yoast SEO plugin. -->","yoast_head_json":{"title":"Plateforme de ressources sur le droit d'auteur - Spotify for Podcasters","robots":{"index":"index","follow":"follow","max-snippet":"max-snippet:-1","max-image-preview":"max-image-preview:large","max-video-preview":"max-video-preview:-1"},"canonical":"https:\/\/podcasters-copyright.appspot.com\/fr-fr\/","og_locale":"fr_FR","og_type":"article","og_title":"Plateforme de ressources sur le droit d'auteur - Spotify for Podcasters","og_description":"La propri\u00e9t\u00e9 intellectuelle, c&#8217;est compliqu\u00e9. Nous en sommes conscients. Vous vous donnez corps et \u00e2me pour cr\u00e9er du contenu audio de qualit\u00e9, et Spotify souhaite vous aider \u00e0 identifier certains pi\u00e8ges courants et \u00e0 les \u00e9viter. La l\u00e9gislation sur le droit d&#8217;auteur \u00e9volue sans cesse \u00e0 travers le monde. Il est important de comprendre le... Read more &raquo;","og_url":"https:\/\/podcasters-copyright.appspot.com\/fr-fr\/","og_site_name":"Copyright French","article_modified_time":"2021-11-08T13:59:35+00:00","twitter_card":"summary_large_image","twitter_misc":{"Est. reading time":"2 minutes"},"schema":{"@context":"https:\/\/schema.org","@graph":[{"@type":"WebSite","@id":"https:\/\/podcasters-copyright.appspot.com\/fr-fr\/#website","url":"https:\/\/podcasters-copyright.appspot.com\/fr-fr\/","name":"Copyright French","description":"Just another spotify-podcasters Sites site","potentialAction":[{"@type":"SearchAction","target":{"@type":"EntryPoint","urlTemplate":"https:\/\/podcasters-copyright.appspot.com\/fr-fr\/?s={search_term_string}"},"query-input":"required name=search_term_string"}],"inLanguage":"fr-FR"},{"@type":"WebPage","@id":"https:\/\/podcasters-copyright.appspot.com\/fr-fr\/#webpage","url":"https:\/\/podcasters-copyright.appspot.com\/fr-fr\/","name":"Plateforme de ressources sur le droit d'auteur - Spotify for Podcasters","isPartOf":{"@id":"https:\/\/podcasters-copyright.appspot.com\/fr-fr\/#website"},"datePublished":"2021-05-07T19:20:04+00:00","dateModified":"2021-11-08T13:59:35+00:00","breadcrumb":{"@id":"https:\/\/podcasters-copyright.appspot.com\/fr-fr\/#breadcrumb"},"inLanguage":"fr-FR","potentialAction":[{"@type":"ReadAction","target":["https:\/\/podcasters-copyright.appspot.com\/fr-fr\/"]}]},{"@type":"BreadcrumbList","@id":"https:\/\/podcasters-copyright.appspot.com\/fr-fr\/#breadcrumb","itemListElement":[{"@type":"ListItem","position":1,"name":"Home","item":"https:\/\/podcasters-copyright.appspot.com\/fr-fr\/"},{"@type":"ListItem","position":2,"name":"Plateforme de ressources sur le droit d&#8217;auteur"}]}]}},"_links":{"self":[{"href":"https:\/\/podcasters-copyright.appspot.com\/fr-fr\/wp-json\/wp\/v2\/pages\/4"}],"collection":[{"href":"https:\/\/podcasters-copyright.appspot.com\/fr-fr\/wp-json\/wp\/v2\/pages"}],"about":[{"href":"https:\/\/podcasters-copyright.appspot.com\/fr-fr\/wp-json\/wp\/v2\/types\/page"}],"author":[{"embeddable":true,"href":"https:\/\/podcasters-copyright.appspot.com\/fr-fr\/wp-json\/wp\/v2\/users\/1"}],"replies":[{"embeddable":true,"href":"https:\/\/podcasters-copyright.appspot.com\/fr-fr\/wp-json\/wp\/v2\/comments?post=4"}],"version-history":[{"count":2,"href":"https:\/\/podcasters-copyright.appspot.com\/fr-fr\/wp-json\/wp\/v2\/pages\/4\/revisions"}],"predecessor-version":[{"id":16,"href":"https:\/\/podcasters-copyright.appspot.com\/fr-fr\/wp-json\/wp\/v2\/pages\/4\/revisions\/16"}],"wp:attachment":[{"href":"https:\/\/podcasters-copyright.appspot.com\/fr-fr\/wp-json\/wp\/v2\/media?parent=4"}],"curies":[{"name":"wp","href":"https:\/\/api.w.org\/{rel}","templated":true}]}}