{"id":4,"date":"2021-05-07T19:20:04","date_gmt":"2021-05-07T19:20:04","guid":{"rendered":"https:\/\/podcasters-copyright.appspot.com\/it-it\/?page_id=4"},"modified":"2021-11-08T13:50:30","modified_gmt":"2021-11-08T13:50:30","slug":"home","status":"publish","type":"page","link":"https:\/\/podcasters-copyright.appspot.com\/it-it\/","title":{"rendered":"Hub risorse sul copyright"},"content":{"rendered":"<h4>Propriet\u00e0 intellettuale. Lo sappiamo: \u00e8 complicato. Visto che dedichi anima e corpo alla creazione di contenuti audio straordinari, Spotify vuole aiutarti a individuare ed evitare alcune insidie comuni.<\/h4>\n<p>Il quadro legislativo sul copyright \u00e8 in continua evoluzione a livello globale. Tuttavia, comprendere il copyright per i contenuti \u00e8 importante per garantire che tutti i creatori mantengano il controllo sulle modalit\u00e0 di utilizzo della loro opera e siano compensati in modo equo per essa. La crescente popolarit\u00e0 del podcasting porta un numero sempre maggiore di soggetti a prestare attenzione ai contenuti dei tuoi show. Il pi\u00f9 delle volte potrebbero cercare musica professionale o altre registrazioni audio professionali, mentre in altri casi potrebbero utilizzare strumenti automatizzati per scoprire situazioni in cui ritengono che la loro propriet\u00e0 intellettuale (PI) sia inclusa nel tuo show. Non \u00e8 nulla di nuovo: chi \u00e8 proprietario di registrazioni audio opera in questo modo da anni. Spotify vuole aiutarti a prepararti a questi controlli pi\u00f9 rigorosi sui podcast e ad assicurarti che i tuoi show evitino di violare inavvertitamente i copyright, causando l\u2019eliminazione dei tuoi contenuti.<\/p>\n<p>Uno strumento facile da usare, se si include della musica, \u00e8 il catalogo pre-approvato di Anchor di musica non protetta da copyright, chiamato <a href=\"https:\/\/help.anchor.fm\/hc\/en-us\/articles\/360025233131-Adding-Background-Music-to-your-audio-segments\" target=\"_blank\" rel=\"noopener\">Smart Background Music<\/a>. Puoi inoltre adottare le misure necessarie per assicurarti che i tuoi contenuti siano protetti. Questa pagina intende fornire ai nostri creatori di podcast alcune risorse didattiche sulla violazione del copyright e della PI.<\/p>\n<p>Sei un creatore di podcast con contenuti su Spotify? Ti spiegheremo passo per passo tutto quello che c&#8217;\u00e8 da sapere per aiutarti a capire l&#8217;impatto della legge sul copyright. Continua a leggere per scoprire come assicurarti che i tuoi contenuti siano protetti e conformi.<\/p>\n<p>Spotify si impegna a supportare i creatori e garantire un ambiente audio equo e giusto per tutti. In questo caso, ci\u00f2 significa aiutarti, in qualit\u00e0 di creatore, a comprendere questo ambito in continua evoluzione.<\/p>\n<p>Lo sappiamo, potrebbe sembrare un po&#8217; complicato. Ma \u00e8 per questo che siamo qui.<\/p>\n","protected":false},"excerpt":{"rendered":"<p>Propriet\u00e0 intellettuale. Lo sappiamo: \u00e8 complicato. Visto che dedichi anima e corpo alla creazione di contenuti audio straordinari, Spotify vuole aiutarti a individuare ed evitare alcune insidie comuni. Il quadro legislativo sul copyright \u00e8 in continua evoluzione a livello globale. Tuttavia, comprendere il copyright per i contenuti \u00e8 importante per garantire che tutti i creatori<a class=\"excerpt-read-more\" href=\"https:\/\/podcasters-copyright.appspot.com\/it-it\/\" title=\"ReadHub risorse sul copyright\">&#8230; Read more &raquo;<\/a><\/p>\n","protected":false},"author":1,"featured_media":0,"parent":0,"menu_order":0,"comment_status":"closed","ping_status":"open","template":"template-home.php","meta":[],"yoast_head":"<!-- This site is optimized with the Yoast SEO plugin v16.7 - https:\/\/yoast.com\/wordpress\/plugins\/seo\/ -->\n<title>Hub risorse sul copyright - Spotify for Podcasters<\/title>\n<meta name=\"robots\" content=\"index, follow, max-snippet:-1, max-image-preview:large, max-video-preview:-1\" \/>\n<link rel=\"canonical\" href=\"https:\/\/podcasters-copyright.appspot.com\/it-it\/\" \/>\n<meta property=\"og:locale\" content=\"it_IT\" \/>\n<meta property=\"og:type\" content=\"article\" \/>\n<meta property=\"og:title\" content=\"Hub risorse sul copyright - Spotify for Podcasters\" \/>\n<meta property=\"og:description\" content=\"Propriet\u00e0 intellettuale. Lo sappiamo: \u00e8 complicato. Visto che dedichi anima e corpo alla creazione di contenuti audio straordinari, Spotify vuole aiutarti a individuare ed evitare alcune insidie comuni. Il quadro legislativo sul copyright \u00e8 in continua evoluzione a livello globale. Tuttavia, comprendere il copyright per i contenuti \u00e8 importante per garantire che tutti i creatori... Read more &raquo;\" \/>\n<meta property=\"og:url\" content=\"https:\/\/podcasters-copyright.appspot.com\/it-it\/\" \/>\n<meta property=\"og:site_name\" content=\"Copyright Italian\" \/>\n<meta property=\"article:modified_time\" content=\"2021-11-08T13:50:30+00:00\" \/>\n<meta name=\"twitter:card\" content=\"summary_large_image\" \/>\n<meta name=\"twitter:label1\" content=\"Est. reading time\" \/>\n\t<meta name=\"twitter:data1\" content=\"2 minutes\" \/>\n<script type=\"application\/ld+json\" class=\"yoast-schema-graph\">{\"@context\":\"https:\/\/schema.org\",\"@graph\":[{\"@type\":\"WebSite\",\"@id\":\"https:\/\/podcasters-copyright.appspot.com\/it-it\/#website\",\"url\":\"https:\/\/podcasters-copyright.appspot.com\/it-it\/\",\"name\":\"Copyright Italian\",\"description\":\"Just another spotify-podcasters Sites site\",\"potentialAction\":[{\"@type\":\"SearchAction\",\"target\":{\"@type\":\"EntryPoint\",\"urlTemplate\":\"https:\/\/podcasters-copyright.appspot.com\/it-it\/?s={search_term_string}\"},\"query-input\":\"required name=search_term_string\"}],\"inLanguage\":\"it-IT\"},{\"@type\":\"WebPage\",\"@id\":\"https:\/\/podcasters-copyright.appspot.com\/it-it\/#webpage\",\"url\":\"https:\/\/podcasters-copyright.appspot.com\/it-it\/\",\"name\":\"Hub risorse sul copyright - Spotify for Podcasters\",\"isPartOf\":{\"@id\":\"https:\/\/podcasters-copyright.appspot.com\/it-it\/#website\"},\"datePublished\":\"2021-05-07T19:20:04+00:00\",\"dateModified\":\"2021-11-08T13:50:30+00:00\",\"breadcrumb\":{\"@id\":\"https:\/\/podcasters-copyright.appspot.com\/it-it\/#breadcrumb\"},\"inLanguage\":\"it-IT\",\"potentialAction\":[{\"@type\":\"ReadAction\",\"target\":[\"https:\/\/podcasters-copyright.appspot.com\/it-it\/\"]}]},{\"@type\":\"BreadcrumbList\",\"@id\":\"https:\/\/podcasters-copyright.appspot.com\/it-it\/#breadcrumb\",\"itemListElement\":[{\"@type\":\"ListItem\",\"position\":1,\"name\":\"Home\",\"item\":\"https:\/\/podcasters-copyright.appspot.com\/it-it\/\"},{\"@type\":\"ListItem\",\"position\":2,\"name\":\"Hub risorse sul copyright\"}]}]}<\/script>\n<!-- \/ Yoast SEO plugin. -->","yoast_head_json":{"title":"Hub risorse sul copyright - Spotify for Podcasters","robots":{"index":"index","follow":"follow","max-snippet":"max-snippet:-1","max-image-preview":"max-image-preview:large","max-video-preview":"max-video-preview:-1"},"canonical":"https:\/\/podcasters-copyright.appspot.com\/it-it\/","og_locale":"it_IT","og_type":"article","og_title":"Hub risorse sul copyright - Spotify for Podcasters","og_description":"Propriet\u00e0 intellettuale. Lo sappiamo: \u00e8 complicato. Visto che dedichi anima e corpo alla creazione di contenuti audio straordinari, Spotify vuole aiutarti a individuare ed evitare alcune insidie comuni. Il quadro legislativo sul copyright \u00e8 in continua evoluzione a livello globale. Tuttavia, comprendere il copyright per i contenuti \u00e8 importante per garantire che tutti i creatori... Read more &raquo;","og_url":"https:\/\/podcasters-copyright.appspot.com\/it-it\/","og_site_name":"Copyright Italian","article_modified_time":"2021-11-08T13:50:30+00:00","twitter_card":"summary_large_image","twitter_misc":{"Est. reading time":"2 minutes"},"schema":{"@context":"https:\/\/schema.org","@graph":[{"@type":"WebSite","@id":"https:\/\/podcasters-copyright.appspot.com\/it-it\/#website","url":"https:\/\/podcasters-copyright.appspot.com\/it-it\/","name":"Copyright Italian","description":"Just another spotify-podcasters Sites site","potentialAction":[{"@type":"SearchAction","target":{"@type":"EntryPoint","urlTemplate":"https:\/\/podcasters-copyright.appspot.com\/it-it\/?s={search_term_string}"},"query-input":"required name=search_term_string"}],"inLanguage":"it-IT"},{"@type":"WebPage","@id":"https:\/\/podcasters-copyright.appspot.com\/it-it\/#webpage","url":"https:\/\/podcasters-copyright.appspot.com\/it-it\/","name":"Hub risorse sul copyright - Spotify for Podcasters","isPartOf":{"@id":"https:\/\/podcasters-copyright.appspot.com\/it-it\/#website"},"datePublished":"2021-05-07T19:20:04+00:00","dateModified":"2021-11-08T13:50:30+00:00","breadcrumb":{"@id":"https:\/\/podcasters-copyright.appspot.com\/it-it\/#breadcrumb"},"inLanguage":"it-IT","potentialAction":[{"@type":"ReadAction","target":["https:\/\/podcasters-copyright.appspot.com\/it-it\/"]}]},{"@type":"BreadcrumbList","@id":"https:\/\/podcasters-copyright.appspot.com\/it-it\/#breadcrumb","itemListElement":[{"@type":"ListItem","position":1,"name":"Home","item":"https:\/\/podcasters-copyright.appspot.com\/it-it\/"},{"@type":"ListItem","position":2,"name":"Hub risorse sul copyright"}]}]}},"_links":{"self":[{"href":"https:\/\/podcasters-copyright.appspot.com\/it-it\/wp-json\/wp\/v2\/pages\/4"}],"collection":[{"href":"https:\/\/podcasters-copyright.appspot.com\/it-it\/wp-json\/wp\/v2\/pages"}],"about":[{"href":"https:\/\/podcasters-copyright.appspot.com\/it-it\/wp-json\/wp\/v2\/types\/page"}],"author":[{"embeddable":true,"href":"https:\/\/podcasters-copyright.appspot.com\/it-it\/wp-json\/wp\/v2\/users\/1"}],"replies":[{"embeddable":true,"href":"https:\/\/podcasters-copyright.appspot.com\/it-it\/wp-json\/wp\/v2\/comments?post=4"}],"version-history":[{"count":3,"href":"https:\/\/podcasters-copyright.appspot.com\/it-it\/wp-json\/wp\/v2\/pages\/4\/revisions"}],"predecessor-version":[{"id":17,"href":"https:\/\/podcasters-copyright.appspot.com\/it-it\/wp-json\/wp\/v2\/pages\/4\/revisions\/17"}],"wp:attachment":[{"href":"https:\/\/podcasters-copyright.appspot.com\/it-it\/wp-json\/wp\/v2\/media?parent=4"}],"curies":[{"name":"wp","href":"https:\/\/api.w.org\/{rel}","templated":true}]}}