{"id":4,"date":"2021-05-07T19:20:04","date_gmt":"2021-05-07T19:20:04","guid":{"rendered":"https:\/\/podcasters-copyright.appspot.com\/pt-br\/?page_id=4"},"modified":"2021-11-08T13:49:42","modified_gmt":"2021-11-08T13:49:42","slug":"home","status":"publish","type":"page","link":"https:\/\/podcasters-copyright.appspot.com\/pt-br\/","title":{"rendered":"Hub de Recursos de Direitos Autorais"},"content":{"rendered":"<h4>Propriedade intelectual. Sim, \u00e9 complicado. Voc\u00ea coloca corpo e alma na cria\u00e7\u00e3o de um \u00f3timo conte\u00fado de \u00e1udio, e o Spotify quer ajud\u00e1-lo a identificar e a evitar algumas armadilhas comuns.<\/h4>\n<p>A legisla\u00e7\u00e3o de direitos autorais \u00e9 um cen\u00e1rio em constante mudan\u00e7a em todo o mundo. Mesmo assim, \u00e9 importante entender os direitos autorais para conte\u00fado para assegurar que todos os criadores controlem como suas respectivas obras s\u00e3o usadas e sejam remunerados de forma justa por elas. \u00c0 medida que os podcasts se tornam mais populares, mais terceiros est\u00e3o prestando aten\u00e7\u00e3o ao que est\u00e1 em seus programas. Na maior parte do tempo, eles podem procurar m\u00fasica profissional ou outras grava\u00e7\u00f5es de sons profissionais e, em alguns casos, eles podem usar ferramentas automatizadas para encontrar casos nos quais acreditem que a propriedade intelectual (PI) deles esteja inclu\u00edda no seu programa. Nada disso \u00e9 novo \u2014 as pessoas que t\u00eam grava\u00e7\u00f5es sonoras fazem isso h\u00e1 anos. O Spotify quer ajudar voc\u00ea a se preparar para essa investiga\u00e7\u00e3o mais intensiva em podcasts e a garantir que seus programas n\u00e3o caiam em viola\u00e7\u00e3o de direitos autorais, visto que isso pode levar \u00e0 remo\u00e7\u00e3o do seu conte\u00fado.<\/p>\n<p>Para incluir m\u00fasica, uma ferramenta f\u00e1cil de usar \u00e9 o cat\u00e1logo pr\u00e9-aprovado de m\u00fasicas livres de direitos autorais da Anchor, chamado <a href=\"https:\/\/help.anchor.fm\/hc\/en-us\/articles\/360025233131-Adding-Background-Music-to-your-audio-segments\" target=\"_blank\" rel=\"noopener\">Smart Background Music<\/a> (M\u00fasica de fundo inteligente). Voc\u00ea tamb\u00e9m pode seguir algumas orienta\u00e7\u00f5es para assegurar que seu conte\u00fado esteja protegido. Esta p\u00e1gina foi feita para que nossos criadores de podcasts tenham \u00e0 m\u00e3o recursos educacionais sobre viola\u00e7\u00e3o de direitos autorais e IP.<\/p>\n<p>Voc\u00ea \u00e9 um criador de podcasts com conte\u00fado no Spotify? Vamos explicar parte por parte para que voc\u00ea entenda o impacto da lei de direitos autorais. Continue lendo para saber como voc\u00ea pode garantir que seu conte\u00fado esteja protegido e adequado.<\/p>\n<p>O Spotify apoia os criadores e quer garantir um ambiente de \u00e1udio justo e equitativo para todos. Nesse caso, isso significa ajudar voc\u00ea, como criador, a entender esse cen\u00e1rio em constante evolu\u00e7\u00e3o.<\/p>\n<p>Ent\u00e3o, sim, isso pode parecer um pouco complicado. Mas estamos aqui para ajudar.<\/p>\n","protected":false},"excerpt":{"rendered":"<p>Propriedade intelectual. Sim, \u00e9 complicado. Voc\u00ea coloca corpo e alma na cria\u00e7\u00e3o de um \u00f3timo conte\u00fado de \u00e1udio, e o Spotify quer ajud\u00e1-lo a identificar e a evitar algumas armadilhas comuns. A legisla\u00e7\u00e3o de direitos autorais \u00e9 um cen\u00e1rio em constante mudan\u00e7a em todo o mundo. Mesmo assim, \u00e9 importante entender os direitos autorais para<a class=\"excerpt-read-more\" href=\"https:\/\/podcasters-copyright.appspot.com\/pt-br\/\" title=\"ReadHub de Recursos de Direitos Autorais\">&#8230; Read more &raquo;<\/a><\/p>\n","protected":false},"author":1,"featured_media":0,"parent":0,"menu_order":0,"comment_status":"closed","ping_status":"open","template":"template-home.php","meta":[],"yoast_head":"<!-- This site is optimized with the Yoast SEO plugin v16.7 - https:\/\/yoast.com\/wordpress\/plugins\/seo\/ -->\n<title>Hub de Recursos de Direitos Autorais - Spotify for Podcasters<\/title>\n<meta name=\"robots\" content=\"index, follow, max-snippet:-1, max-image-preview:large, max-video-preview:-1\" \/>\n<link rel=\"canonical\" href=\"https:\/\/podcasters-copyright.appspot.com\/pt-br\/\" \/>\n<meta property=\"og:locale\" content=\"pt_BR\" \/>\n<meta property=\"og:type\" content=\"article\" \/>\n<meta property=\"og:title\" content=\"Hub de Recursos de Direitos Autorais - Spotify for Podcasters\" \/>\n<meta property=\"og:description\" content=\"Propriedade intelectual. Sim, \u00e9 complicado. Voc\u00ea coloca corpo e alma na cria\u00e7\u00e3o de um \u00f3timo conte\u00fado de \u00e1udio, e o Spotify quer ajud\u00e1-lo a identificar e a evitar algumas armadilhas comuns. A legisla\u00e7\u00e3o de direitos autorais \u00e9 um cen\u00e1rio em constante mudan\u00e7a em todo o mundo. Mesmo assim, \u00e9 importante entender os direitos autorais para... Read more &raquo;\" \/>\n<meta property=\"og:url\" content=\"https:\/\/podcasters-copyright.appspot.com\/pt-br\/\" \/>\n<meta property=\"og:site_name\" content=\"Copyright Portuguese\" \/>\n<meta property=\"article:modified_time\" content=\"2021-11-08T13:49:42+00:00\" \/>\n<meta name=\"twitter:card\" content=\"summary_large_image\" \/>\n<meta name=\"twitter:label1\" content=\"Est. reading time\" \/>\n\t<meta name=\"twitter:data1\" content=\"2 minutes\" \/>\n<script type=\"application\/ld+json\" class=\"yoast-schema-graph\">{\"@context\":\"https:\/\/schema.org\",\"@graph\":[{\"@type\":\"WebSite\",\"@id\":\"https:\/\/podcasters-copyright.appspot.com\/pt-br\/#website\",\"url\":\"https:\/\/podcasters-copyright.appspot.com\/pt-br\/\",\"name\":\"Copyright Portuguese\",\"description\":\"Just another spotify-podcasters Sites site\",\"potentialAction\":[{\"@type\":\"SearchAction\",\"target\":{\"@type\":\"EntryPoint\",\"urlTemplate\":\"https:\/\/podcasters-copyright.appspot.com\/pt-br\/?s={search_term_string}\"},\"query-input\":\"required name=search_term_string\"}],\"inLanguage\":\"pt-BR\"},{\"@type\":\"WebPage\",\"@id\":\"https:\/\/podcasters-copyright.appspot.com\/pt-br\/#webpage\",\"url\":\"https:\/\/podcasters-copyright.appspot.com\/pt-br\/\",\"name\":\"Hub de Recursos de Direitos Autorais - Spotify for Podcasters\",\"isPartOf\":{\"@id\":\"https:\/\/podcasters-copyright.appspot.com\/pt-br\/#website\"},\"datePublished\":\"2021-05-07T19:20:04+00:00\",\"dateModified\":\"2021-11-08T13:49:42+00:00\",\"breadcrumb\":{\"@id\":\"https:\/\/podcasters-copyright.appspot.com\/pt-br\/#breadcrumb\"},\"inLanguage\":\"pt-BR\",\"potentialAction\":[{\"@type\":\"ReadAction\",\"target\":[\"https:\/\/podcasters-copyright.appspot.com\/pt-br\/\"]}]},{\"@type\":\"BreadcrumbList\",\"@id\":\"https:\/\/podcasters-copyright.appspot.com\/pt-br\/#breadcrumb\",\"itemListElement\":[{\"@type\":\"ListItem\",\"position\":1,\"name\":\"Home\",\"item\":\"https:\/\/podcasters-copyright.appspot.com\/pt-br\/\"},{\"@type\":\"ListItem\",\"position\":2,\"name\":\"Hub de Recursos de Direitos Autorais\"}]}]}<\/script>\n<!-- \/ Yoast SEO plugin. -->","yoast_head_json":{"title":"Hub de Recursos de Direitos Autorais - Spotify for Podcasters","robots":{"index":"index","follow":"follow","max-snippet":"max-snippet:-1","max-image-preview":"max-image-preview:large","max-video-preview":"max-video-preview:-1"},"canonical":"https:\/\/podcasters-copyright.appspot.com\/pt-br\/","og_locale":"pt_BR","og_type":"article","og_title":"Hub de Recursos de Direitos Autorais - Spotify for Podcasters","og_description":"Propriedade intelectual. Sim, \u00e9 complicado. Voc\u00ea coloca corpo e alma na cria\u00e7\u00e3o de um \u00f3timo conte\u00fado de \u00e1udio, e o Spotify quer ajud\u00e1-lo a identificar e a evitar algumas armadilhas comuns. A legisla\u00e7\u00e3o de direitos autorais \u00e9 um cen\u00e1rio em constante mudan\u00e7a em todo o mundo. Mesmo assim, \u00e9 importante entender os direitos autorais para... Read more &raquo;","og_url":"https:\/\/podcasters-copyright.appspot.com\/pt-br\/","og_site_name":"Copyright Portuguese","article_modified_time":"2021-11-08T13:49:42+00:00","twitter_card":"summary_large_image","twitter_misc":{"Est. reading time":"2 minutes"},"schema":{"@context":"https:\/\/schema.org","@graph":[{"@type":"WebSite","@id":"https:\/\/podcasters-copyright.appspot.com\/pt-br\/#website","url":"https:\/\/podcasters-copyright.appspot.com\/pt-br\/","name":"Copyright Portuguese","description":"Just another spotify-podcasters Sites site","potentialAction":[{"@type":"SearchAction","target":{"@type":"EntryPoint","urlTemplate":"https:\/\/podcasters-copyright.appspot.com\/pt-br\/?s={search_term_string}"},"query-input":"required name=search_term_string"}],"inLanguage":"pt-BR"},{"@type":"WebPage","@id":"https:\/\/podcasters-copyright.appspot.com\/pt-br\/#webpage","url":"https:\/\/podcasters-copyright.appspot.com\/pt-br\/","name":"Hub de Recursos de Direitos Autorais - Spotify for Podcasters","isPartOf":{"@id":"https:\/\/podcasters-copyright.appspot.com\/pt-br\/#website"},"datePublished":"2021-05-07T19:20:04+00:00","dateModified":"2021-11-08T13:49:42+00:00","breadcrumb":{"@id":"https:\/\/podcasters-copyright.appspot.com\/pt-br\/#breadcrumb"},"inLanguage":"pt-BR","potentialAction":[{"@type":"ReadAction","target":["https:\/\/podcasters-copyright.appspot.com\/pt-br\/"]}]},{"@type":"BreadcrumbList","@id":"https:\/\/podcasters-copyright.appspot.com\/pt-br\/#breadcrumb","itemListElement":[{"@type":"ListItem","position":1,"name":"Home","item":"https:\/\/podcasters-copyright.appspot.com\/pt-br\/"},{"@type":"ListItem","position":2,"name":"Hub de Recursos de Direitos Autorais"}]}]}},"_links":{"self":[{"href":"https:\/\/podcasters-copyright.appspot.com\/pt-br\/wp-json\/wp\/v2\/pages\/4"}],"collection":[{"href":"https:\/\/podcasters-copyright.appspot.com\/pt-br\/wp-json\/wp\/v2\/pages"}],"about":[{"href":"https:\/\/podcasters-copyright.appspot.com\/pt-br\/wp-json\/wp\/v2\/types\/page"}],"author":[{"embeddable":true,"href":"https:\/\/podcasters-copyright.appspot.com\/pt-br\/wp-json\/wp\/v2\/users\/1"}],"replies":[{"embeddable":true,"href":"https:\/\/podcasters-copyright.appspot.com\/pt-br\/wp-json\/wp\/v2\/comments?post=4"}],"version-history":[{"count":2,"href":"https:\/\/podcasters-copyright.appspot.com\/pt-br\/wp-json\/wp\/v2\/pages\/4\/revisions"}],"predecessor-version":[{"id":16,"href":"https:\/\/podcasters-copyright.appspot.com\/pt-br\/wp-json\/wp\/v2\/pages\/4\/revisions\/16"}],"wp:attachment":[{"href":"https:\/\/podcasters-copyright.appspot.com\/pt-br\/wp-json\/wp\/v2\/media?parent=4"}],"curies":[{"name":"wp","href":"https:\/\/api.w.org\/{rel}","templated":true}]}}